{"id":12,"date":"2024-06-18T18:55:35","date_gmt":"2024-06-18T18:55:35","guid":{"rendered":"https:\/\/fesantalucia.com.co\/?page_id=12"},"modified":"2024-07-17T20:35:13","modified_gmt":"2024-07-17T20:35:13","slug":"services","status":"publish","type":"page","link":"https:\/\/fesantalucia.com.co\/index.php\/services\/","title":{"rendered":"Contactenos"},"content":{"rendered":"\n<h3 class=\"wp-block-heading has-text-align-center\"><strong>Cont\u00e1ctenos<\/strong><\/h3>\n\n\n\n<div class=\"wp-block-group has-base-2-background-color has-background is-nowrap is-layout-flex wp-container-core-group-is-layout-6c531013 wp-block-group-is-layout-flex\">\n<figure class=\"wp-block-image size-full is-resized\"><img loading=\"lazy\" decoding=\"async\" width=\"256\" height=\"256\" src=\"https:\/\/fesantalucia.com.co\/wp-content\/uploads\/2024\/07\/15707917-1.png\" alt=\"\" class=\"wp-image-202\" style=\"width:101px;height:auto\" srcset=\"https:\/\/fesantalucia.com.co\/wp-content\/uploads\/2024\/07\/15707917-1.png 256w, https:\/\/fesantalucia.com.co\/wp-content\/uploads\/2024\/07\/15707917-1-150x150.png 150w\" sizes=\"auto, (max-width: 256px) 100vw, 256px\" \/><\/figure>\n\n\n\n<p>323 574 00 21<\/p>\n<\/div>\n\n\n\n<div class=\"wp-block-group has-base-2-background-color has-background is-nowrap is-layout-flex wp-container-core-group-is-layout-6c531013 wp-block-group-is-layout-flex\">\n<figure class=\"wp-block-image size-full is-resized\"><img loading=\"lazy\" decoding=\"async\" width=\"1024\" height=\"1024\" src=\"https:\/\/fesantalucia.com.co\/wp-content\/uploads\/2024\/07\/icono-correo.jpg\" alt=\"\" class=\"wp-image-203\" style=\"width:101px;height:auto\" srcset=\"https:\/\/fesantalucia.com.co\/wp-content\/uploads\/2024\/07\/icono-correo.jpg 1024w, https:\/\/fesantalucia.com.co\/wp-content\/uploads\/2024\/07\/icono-correo-300x300.jpg 300w, https:\/\/fesantalucia.com.co\/wp-content\/uploads\/2024\/07\/icono-correo-150x150.jpg 150w, https:\/\/fesantalucia.com.co\/wp-content\/uploads\/2024\/07\/icono-correo-768x768.jpg 768w\" sizes=\"auto, (max-width: 1024px) 100vw, 1024px\" \/><\/figure>\n\n\n\n<p><a href=\"mailto:fondodeempleados@osl.com.co\">fondodeempleados@osl.com.co<\/a><\/p>\n<\/div>\n\n\n\n<p class=\"has-text-align-center has-base-2-background-color has-background\"><a href=\"mailto:fondodeempleados@osl.com.co\"><strong>Direcci\u00f3n oficina: <\/strong>Carrera 47 # 7 -28, Patio Bonito<\/a><\/p>\n\n\n\n<p class=\"has-text-align-center has-base-2-background-color has-background\"><strong>Tel\u00e9fonos :<\/strong> 604 6042334&nbsp;&nbsp; \u2022&nbsp; 323 574 00 21<\/p>\n\n\n\n<p class=\"has-text-align-center has-base-2-background-color has-background\"><strong>Horarios de Atenci\u00f3n:<\/strong> 7:00 a.m. a 5:00 p.m. Lunes &#8211; Viernes<\/p>\n","protected":false},"excerpt":{"rendered":"<p>Cont\u00e1ctenos 323 574 00 21 fondodeempleados@osl.com.co Direcci\u00f3n oficina: Carrera 47 # 7 -28, Patio Bonito Tel\u00e9fonos : 604 6042334&nbsp;&nbsp; \u2022&nbsp; 323 574 00 21 Horarios de Atenci\u00f3n: 7:00 a.m. a 5:00 p.m. Lunes &#8211; Viernes<\/p>\n","protected":false},"author":1,"featured_media":112,"parent":0,"menu_order":0,"comment_status":"closed","ping_status":"closed","template":"","meta":{"_joinchat":[],"footnotes":""},"class_list":["post-12","page","type-page","status-publish","has-post-thumbnail","hentry"],"_links":{"self":[{"href":"https:\/\/fesantalucia.com.co\/index.php\/wp-json\/wp\/v2\/pages\/12","targetHints":{"allow":["GET"]}}],"collection":[{"href":"https:\/\/fesantalucia.com.co\/index.php\/wp-json\/wp\/v2\/pages"}],"about":[{"href":"https:\/\/fesantalucia.com.co\/index.php\/wp-json\/wp\/v2\/types\/page"}],"author":[{"embeddable":true,"href":"https:\/\/fesantalucia.com.co\/index.php\/wp-json\/wp\/v2\/users\/1"}],"replies":[{"embeddable":true,"href":"https:\/\/fesantalucia.com.co\/index.php\/wp-json\/wp\/v2\/comments?post=12"}],"version-history":[{"count":11,"href":"https:\/\/fesantalucia.com.co\/index.php\/wp-json\/wp\/v2\/pages\/12\/revisions"}],"predecessor-version":[{"id":338,"href":"https:\/\/fesantalucia.com.co\/index.php\/wp-json\/wp\/v2\/pages\/12\/revisions\/338"}],"wp:featuredmedia":[{"embeddable":true,"href":"https:\/\/fesantalucia.com.co\/index.php\/wp-json\/wp\/v2\/media\/112"}],"wp:attachment":[{"href":"https:\/\/fesantalucia.com.co\/index.php\/wp-json\/wp\/v2\/media?parent=12"}],"curies":[{"name":"wp","href":"https:\/\/api.w.org\/{rel}","templated":true}]}}