{"id":21,"date":"2024-06-18T19:11:18","date_gmt":"2024-06-18T19:11:18","guid":{"rendered":"https:\/\/fesantalucia.com.co\/?page_id=21"},"modified":"2024-08-08T20:59:34","modified_gmt":"2024-08-08T20:59:34","slug":"lineas-de-ahorro","status":"publish","type":"page","link":"https:\/\/fesantalucia.com.co\/index.php\/lineas-de-ahorro\/","title":{"rendered":"L\u00edneas de Ahorro"},"content":{"rendered":"\n<h3 class=\"wp-block-heading alignwide has-text-align-center\"><strong>L\u00edneas de Ahorro<\/strong><\/h3>\n\n\n\n<div class=\"wp-block-columns is-layout-flex wp-container-core-columns-is-layout-28f84493 wp-block-columns-is-layout-flex\">\n<div class=\"wp-block-column has-base-2-background-color has-background is-layout-flow wp-block-column-is-layout-flow\">\n<figure class=\"wp-block-image aligncenter size-full is-resized is-style-rounded is-style-rounded--1\"><img loading=\"lazy\" decoding=\"async\" width=\"1188\" height=\"818\" src=\"https:\/\/fesantalucia.com.co\/wp-content\/uploads\/2024\/07\/01.-Obligatorio.png\" alt=\"\" class=\"wp-image-276\" style=\"width:176px;height:auto\" srcset=\"https:\/\/fesantalucia.com.co\/wp-content\/uploads\/2024\/07\/01.-Obligatorio.png 1188w, https:\/\/fesantalucia.com.co\/wp-content\/uploads\/2024\/07\/01.-Obligatorio-300x207.png 300w, https:\/\/fesantalucia.com.co\/wp-content\/uploads\/2024\/07\/01.-Obligatorio-1024x705.png 1024w, https:\/\/fesantalucia.com.co\/wp-content\/uploads\/2024\/07\/01.-Obligatorio-768x529.png 768w\" sizes=\"auto, (max-width: 1188px) 100vw, 1188px\" \/><\/figure>\n\n\n\n<p class=\"has-text-align-center\"><strong>Obligatorio<\/strong><\/p>\n\n\n\n<p class=\"has-text-align-center\">Aporte social y<br>ahorro permanente<br>4% salario b\u00e1sico<br>del empleados.<\/p>\n<\/div>\n\n\n\n<div class=\"wp-block-column has-base-2-background-color has-background is-layout-flow wp-block-column-is-layout-flow\">\n<figure class=\"wp-block-image aligncenter size-large is-resized is-style-rounded is-style-rounded--2\"><img loading=\"lazy\" decoding=\"async\" width=\"1024\" height=\"754\" src=\"https:\/\/fesantalucia.com.co\/wp-content\/uploads\/2024\/07\/02.-Voluntario-2-1024x754.png\" alt=\"\" class=\"wp-image-281\" style=\"width:166px;height:auto\" srcset=\"https:\/\/fesantalucia.com.co\/wp-content\/uploads\/2024\/07\/02.-Voluntario-2-1024x754.png 1024w, https:\/\/fesantalucia.com.co\/wp-content\/uploads\/2024\/07\/02.-Voluntario-2-300x221.png 300w, https:\/\/fesantalucia.com.co\/wp-content\/uploads\/2024\/07\/02.-Voluntario-2-768x565.png 768w, https:\/\/fesantalucia.com.co\/wp-content\/uploads\/2024\/07\/02.-Voluntario-2.png 1326w\" sizes=\"auto, (max-width: 1024px) 100vw, 1024px\" \/><\/figure>\n\n\n\n<p class=\"has-text-align-center\"><strong>Voluntario<\/strong><\/p>\n\n\n\n<p class=\"has-text-align-center\">Cuota m\u00ednima<br>quincenal de<br>$20.000, puede ser<br>liquidado en<br>cualquier momento.<\/p>\n<\/div>\n\n\n\n<div class=\"wp-block-column has-base-2-background-color has-background is-layout-flow wp-block-column-is-layout-flow\">\n<figure class=\"wp-block-image aligncenter size-large is-resized is-style-rounded is-style-rounded--3\"><img loading=\"lazy\" decoding=\"async\" width=\"1024\" height=\"770\" src=\"https:\/\/fesantalucia.com.co\/wp-content\/uploads\/2024\/07\/03.-Juvenil-1-1024x770.png\" alt=\"\" class=\"wp-image-282\" style=\"width:165px;height:auto\" srcset=\"https:\/\/fesantalucia.com.co\/wp-content\/uploads\/2024\/07\/03.-Juvenil-1-1024x770.png 1024w, https:\/\/fesantalucia.com.co\/wp-content\/uploads\/2024\/07\/03.-Juvenil-1-300x226.png 300w, https:\/\/fesantalucia.com.co\/wp-content\/uploads\/2024\/07\/03.-Juvenil-1-768x578.png 768w, https:\/\/fesantalucia.com.co\/wp-content\/uploads\/2024\/07\/03.-Juvenil-1.png 1292w\" sizes=\"auto, (max-width: 1024px) 100vw, 1024px\" \/><\/figure>\n\n\n\n<p class=\"has-text-align-center\"><strong>Juvenil<\/strong><\/p>\n\n\n\n<p class=\"has-text-align-center\">Cuota m\u00ednima<br>quincenal de<br>$20.000, puede ser<br>liquidado en<br>cualquier momento.<\/p>\n<\/div>\n<\/div>\n\n\n\n<div style=\"height:30px\" aria-hidden=\"true\" class=\"wp-block-spacer\"><\/div>\n\n\n\n<div class=\"wp-block-columns is-layout-flex wp-container-core-columns-is-layout-28f84493 wp-block-columns-is-layout-flex\">\n<div class=\"wp-block-column has-base-2-background-color has-background is-layout-flow wp-block-column-is-layout-flow\">\n<figure class=\"wp-block-image aligncenter size-large is-resized is-style-rounded is-style-rounded--4\"><img loading=\"lazy\" decoding=\"async\" width=\"1024\" height=\"875\" src=\"https:\/\/fesantalucia.com.co\/wp-content\/uploads\/2024\/07\/04.-Navideno-1024x875.png\" alt=\"\" class=\"wp-image-279\" style=\"width:169px;height:auto\" srcset=\"https:\/\/fesantalucia.com.co\/wp-content\/uploads\/2024\/07\/04.-Navideno-1024x875.png 1024w, https:\/\/fesantalucia.com.co\/wp-content\/uploads\/2024\/07\/04.-Navideno-300x256.png 300w, https:\/\/fesantalucia.com.co\/wp-content\/uploads\/2024\/07\/04.-Navideno-768x656.png 768w, https:\/\/fesantalucia.com.co\/wp-content\/uploads\/2024\/07\/04.-Navideno.png 1142w\" sizes=\"auto, (max-width: 1024px) 100vw, 1024px\" \/><\/figure>\n\n\n\n<p class=\"has-text-align-center\"><strong>Navide\u00f1o<\/strong><\/p>\n\n\n\n<p class=\"has-text-align-center\">Cuota m\u00ednima<br>quincenal de<br>$20.000, se liquida<br>a partir de la<br>primera quincena<br>de diciembre.<\/p>\n<\/div>\n\n\n\n<div class=\"wp-block-column has-base-2-background-color has-background is-layout-flow wp-block-column-is-layout-flow\">\n<figure class=\"wp-block-image aligncenter size-large is-resized is-style-rounded is-style-rounded--5\"><img loading=\"lazy\" decoding=\"async\" width=\"1024\" height=\"791\" src=\"https:\/\/fesantalucia.com.co\/wp-content\/uploads\/2024\/07\/05.-Vacacional-1024x791.png\" alt=\"\" class=\"wp-image-280\" style=\"width:188px;height:auto\" srcset=\"https:\/\/fesantalucia.com.co\/wp-content\/uploads\/2024\/07\/05.-Vacacional-1024x791.png 1024w, https:\/\/fesantalucia.com.co\/wp-content\/uploads\/2024\/07\/05.-Vacacional-300x232.png 300w, https:\/\/fesantalucia.com.co\/wp-content\/uploads\/2024\/07\/05.-Vacacional-768x594.png 768w, https:\/\/fesantalucia.com.co\/wp-content\/uploads\/2024\/07\/05.-Vacacional.png 1206w\" sizes=\"auto, (max-width: 1024px) 100vw, 1024px\" \/><\/figure>\n\n\n\n<p class=\"has-text-align-center\"><strong>Vacacional<\/strong><\/p>\n\n\n\n<p class=\"has-text-align-center\">Cuota m\u00ednima<br>quincenal de<br>$20.000, se liquida<br>para ser destinado a<br>actividades vacacionales.<\/p>\n<\/div>\n\n\n\n<div class=\"wp-block-column is-layout-flow wp-block-column-is-layout-flow\">\n<figure class=\"wp-block-image aligncenter size-large is-resized\"><img loading=\"lazy\" decoding=\"async\" width=\"1024\" height=\"1024\" src=\"https:\/\/fesantalucia.com.co\/wp-content\/uploads\/2024\/07\/Logo-Fondo-de-Empleados-Santa-Lucia-1024x1024.jpg\" alt=\"\" class=\"wp-image-112\" style=\"width:143px;height:auto\" srcset=\"https:\/\/fesantalucia.com.co\/wp-content\/uploads\/2024\/07\/Logo-Fondo-de-Empleados-Santa-Lucia-1024x1024.jpg 1024w, https:\/\/fesantalucia.com.co\/wp-content\/uploads\/2024\/07\/Logo-Fondo-de-Empleados-Santa-Lucia-300x300.jpg 300w, https:\/\/fesantalucia.com.co\/wp-content\/uploads\/2024\/07\/Logo-Fondo-de-Empleados-Santa-Lucia-150x150.jpg 150w, https:\/\/fesantalucia.com.co\/wp-content\/uploads\/2024\/07\/Logo-Fondo-de-Empleados-Santa-Lucia-768x768.jpg 768w, https:\/\/fesantalucia.com.co\/wp-content\/uploads\/2024\/07\/Logo-Fondo-de-Empleados-Santa-Lucia-1536x1536.jpg 1536w, https:\/\/fesantalucia.com.co\/wp-content\/uploads\/2024\/07\/Logo-Fondo-de-Empleados-Santa-Lucia-2048x2048.jpg 2048w\" sizes=\"auto, (max-width: 1024px) 100vw, 1024px\" \/><\/figure>\n\n\n\n<p><\/p>\n<\/div>\n<\/div>\n\n\n\n<div style=\"height:0px\" aria-hidden=\"true\" class=\"wp-block-spacer\"><\/div>\n\n\n\n<p class=\"has-text-align-center\"><strong>Cuota de Afiliaci\u00f3n $19.500 una sola vez<\/strong><\/p>\n","protected":false},"excerpt":{"rendered":"<p>L\u00edneas de Ahorro Obligatorio Aporte social yahorro permanente4% salario b\u00e1sicodel empleados. Voluntario Cuota m\u00ednimaquincenal de$20.000, puede serliquidado encualquier momento. Juvenil Cuota m\u00ednimaquincenal de$20.000, puede serliquidado encualquier momento. Navide\u00f1o Cuota m\u00ednimaquincenal de$20.000, se liquidaa partir de laprimera quincenade diciembre. Vacacional Cuota m\u00ednimaquincenal de$20.000, se liquidapara ser destinado aactividades vacacionales. Cuota de Afiliaci\u00f3n $19.500 una sola vez<\/p>\n","protected":false},"author":1,"featured_media":250,"parent":0,"menu_order":0,"comment_status":"closed","ping_status":"closed","template":"","meta":{"_joinchat":[],"footnotes":""},"class_list":["post-21","page","type-page","status-publish","has-post-thumbnail","hentry"],"_links":{"self":[{"href":"https:\/\/fesantalucia.com.co\/index.php\/wp-json\/wp\/v2\/pages\/21","targetHints":{"allow":["GET"]}}],"collection":[{"href":"https:\/\/fesantalucia.com.co\/index.php\/wp-json\/wp\/v2\/pages"}],"about":[{"href":"https:\/\/fesantalucia.com.co\/index.php\/wp-json\/wp\/v2\/types\/page"}],"author":[{"embeddable":true,"href":"https:\/\/fesantalucia.com.co\/index.php\/wp-json\/wp\/v2\/users\/1"}],"replies":[{"embeddable":true,"href":"https:\/\/fesantalucia.com.co\/index.php\/wp-json\/wp\/v2\/comments?post=21"}],"version-history":[{"count":22,"href":"https:\/\/fesantalucia.com.co\/index.php\/wp-json\/wp\/v2\/pages\/21\/revisions"}],"predecessor-version":[{"id":411,"href":"https:\/\/fesantalucia.com.co\/index.php\/wp-json\/wp\/v2\/pages\/21\/revisions\/411"}],"wp:featuredmedia":[{"embeddable":true,"href":"https:\/\/fesantalucia.com.co\/index.php\/wp-json\/wp\/v2\/media\/250"}],"wp:attachment":[{"href":"https:\/\/fesantalucia.com.co\/index.php\/wp-json\/wp\/v2\/media?parent=21"}],"curies":[{"name":"wp","href":"https:\/\/api.w.org\/{rel}","templated":true}]}}