{"id":23,"date":"2024-06-18T19:11:52","date_gmt":"2024-06-18T19:11:52","guid":{"rendered":"https:\/\/fesantalucia.com.co\/?page_id=23"},"modified":"2024-07-18T16:15:52","modified_gmt":"2024-07-18T16:15:52","slug":"lineas-de-credito","status":"publish","type":"page","link":"https:\/\/fesantalucia.com.co\/index.php\/lineas-de-credito\/","title":{"rendered":"Nuestras L\u00edneas de Cr\u00e9dito"},"content":{"rendered":"\n<h3 class=\"wp-block-heading has-text-align-center has-base-2-background-color has-background\"><strong>L\u00edneas de Cr\u00e9dito<\/strong><\/h3>\n\n\n\n<div class=\"wp-block-columns is-layout-flex wp-container-core-columns-is-layout-28f84493 wp-block-columns-is-layout-flex\">\n<div class=\"wp-block-column has-base-2-background-color has-background is-layout-flow wp-block-column-is-layout-flow\">\n<figure class=\"wp-block-image aligncenter size-full is-resized is-style-rounded is-style-rounded--1\"><img loading=\"lazy\" decoding=\"async\" width=\"1326\" height=\"976\" src=\"https:\/\/fesantalucia.com.co\/wp-content\/uploads\/2024\/07\/01.-Libre-Inversion.png\" alt=\"\" class=\"wp-image-289\" style=\"width:174px;height:auto\" srcset=\"https:\/\/fesantalucia.com.co\/wp-content\/uploads\/2024\/07\/01.-Libre-Inversion.png 1326w, https:\/\/fesantalucia.com.co\/wp-content\/uploads\/2024\/07\/01.-Libre-Inversion-300x221.png 300w, https:\/\/fesantalucia.com.co\/wp-content\/uploads\/2024\/07\/01.-Libre-Inversion-1024x754.png 1024w, https:\/\/fesantalucia.com.co\/wp-content\/uploads\/2024\/07\/01.-Libre-Inversion-768x565.png 768w\" sizes=\"auto, (max-width: 1326px) 100vw, 1326px\" \/><\/figure>\n\n\n\n<p class=\"has-text-align-center\"><strong>Libre Inversi\u00f3n<\/strong><\/p>\n\n\n\n<p class=\"has-text-align-center\">Tasa del 1.8% E.M<\/p>\n<\/div>\n\n\n\n<div class=\"wp-block-column has-base-2-background-color has-background is-layout-flow wp-block-column-is-layout-flow\">\n<figure class=\"wp-block-image aligncenter size-full is-resized is-style-rounded is-style-rounded--2\"><img loading=\"lazy\" decoding=\"async\" width=\"1366\" height=\"978\" src=\"https:\/\/fesantalucia.com.co\/wp-content\/uploads\/2024\/07\/02.-Convenios.png\" alt=\"\" class=\"wp-image-290\" style=\"width:177px;height:auto\" srcset=\"https:\/\/fesantalucia.com.co\/wp-content\/uploads\/2024\/07\/02.-Convenios.png 1366w, https:\/\/fesantalucia.com.co\/wp-content\/uploads\/2024\/07\/02.-Convenios-300x215.png 300w, https:\/\/fesantalucia.com.co\/wp-content\/uploads\/2024\/07\/02.-Convenios-1024x733.png 1024w, https:\/\/fesantalucia.com.co\/wp-content\/uploads\/2024\/07\/02.-Convenios-768x550.png 768w\" sizes=\"auto, (max-width: 1366px) 100vw, 1366px\" \/><\/figure>\n\n\n\n<p class=\"has-text-align-center\"><strong>Convenios<\/strong><\/p>\n\n\n\n<p class=\"has-text-align-center\">Tasa del 1.8% E.M<\/p>\n<\/div>\n\n\n\n<div class=\"wp-block-column has-base-2-background-color has-background is-layout-flow wp-block-column-is-layout-flow\">\n<figure class=\"wp-block-image aligncenter size-full is-resized is-style-rounded is-style-rounded--3\"><img loading=\"lazy\" decoding=\"async\" width=\"1358\" height=\"972\" src=\"https:\/\/fesantalucia.com.co\/wp-content\/uploads\/2024\/07\/03.-Impuestos-1.png\" alt=\"\" class=\"wp-image-292\" style=\"width:177px;height:auto\" srcset=\"https:\/\/fesantalucia.com.co\/wp-content\/uploads\/2024\/07\/03.-Impuestos-1.png 1358w, https:\/\/fesantalucia.com.co\/wp-content\/uploads\/2024\/07\/03.-Impuestos-1-300x215.png 300w, https:\/\/fesantalucia.com.co\/wp-content\/uploads\/2024\/07\/03.-Impuestos-1-1024x733.png 1024w, https:\/\/fesantalucia.com.co\/wp-content\/uploads\/2024\/07\/03.-Impuestos-1-768x550.png 768w\" sizes=\"auto, (max-width: 1358px) 100vw, 1358px\" \/><\/figure>\n\n\n\n<p class=\"has-text-align-center\"><strong>Impuestos<\/strong><\/p>\n\n\n\n<p class=\"has-text-align-center\">Tasa del 1.8% E.M<\/p>\n<\/div>\n<\/div>\n\n\n\n<figure class=\"wp-block-image aligncenter size-full is-resized\"><img loading=\"lazy\" decoding=\"async\" width=\"130\" height=\"100\" src=\"https:\/\/fesantalucia.com.co\/wp-content\/uploads\/2024\/07\/logo1.jpg\" alt=\"\" class=\"wp-image-109\" style=\"width:84px;height:auto\"\/><\/figure>\n\n\n\n<div class=\"wp-block-columns is-layout-flex wp-container-core-columns-is-layout-28f84493 wp-block-columns-is-layout-flex\">\n<div class=\"wp-block-column has-base-2-background-color has-background is-layout-flow wp-block-column-is-layout-flow\">\n<figure class=\"wp-block-image aligncenter size-full is-resized is-style-rounded is-style-rounded--4\"><img loading=\"lazy\" decoding=\"async\" width=\"1450\" height=\"978\" src=\"https:\/\/fesantalucia.com.co\/wp-content\/uploads\/2024\/07\/04.-Crediprima.png\" alt=\"\" class=\"wp-image-293\" style=\"width:181px;height:auto\" srcset=\"https:\/\/fesantalucia.com.co\/wp-content\/uploads\/2024\/07\/04.-Crediprima.png 1450w, https:\/\/fesantalucia.com.co\/wp-content\/uploads\/2024\/07\/04.-Crediprima-300x202.png 300w, https:\/\/fesantalucia.com.co\/wp-content\/uploads\/2024\/07\/04.-Crediprima-1024x691.png 1024w, https:\/\/fesantalucia.com.co\/wp-content\/uploads\/2024\/07\/04.-Crediprima-768x518.png 768w\" sizes=\"auto, (max-width: 1450px) 100vw, 1450px\" \/><\/figure>\n\n\n\n<p class=\"has-text-align-center\"><strong>Crediprima<\/strong><\/p>\n\n\n\n<p class=\"has-text-align-center\">Tasa del 1.5% E.M<\/p>\n<\/div>\n\n\n\n<div class=\"wp-block-column has-base-2-background-color has-background is-layout-flow wp-block-column-is-layout-flow\">\n<figure class=\"wp-block-image aligncenter size-full is-resized is-style-rounded is-style-rounded--5\"><img loading=\"lazy\" decoding=\"async\" width=\"1384\" height=\"970\" src=\"https:\/\/fesantalucia.com.co\/wp-content\/uploads\/2024\/07\/05.-Salud.png\" alt=\"\" class=\"wp-image-294\" style=\"width:175px;height:auto\" srcset=\"https:\/\/fesantalucia.com.co\/wp-content\/uploads\/2024\/07\/05.-Salud.png 1384w, https:\/\/fesantalucia.com.co\/wp-content\/uploads\/2024\/07\/05.-Salud-300x210.png 300w, https:\/\/fesantalucia.com.co\/wp-content\/uploads\/2024\/07\/05.-Salud-1024x718.png 1024w, https:\/\/fesantalucia.com.co\/wp-content\/uploads\/2024\/07\/05.-Salud-768x538.png 768w\" sizes=\"auto, (max-width: 1384px) 100vw, 1384px\" \/><\/figure>\n\n\n\n<p class=\"has-text-align-center\"><strong>Salud<\/strong><\/p>\n\n\n\n<p class=\"has-text-align-center\">Tasa del 1.5% E.M<\/p>\n<\/div>\n\n\n\n<div class=\"wp-block-column has-base-2-background-color has-background is-layout-flow wp-block-column-is-layout-flow\">\n<figure class=\"wp-block-image aligncenter size-full is-resized is-style-rounded is-style-rounded--6\"><img loading=\"lazy\" decoding=\"async\" width=\"1282\" height=\"888\" src=\"https:\/\/fesantalucia.com.co\/wp-content\/uploads\/2024\/07\/06.-Compra-de-Vehiculo.png\" alt=\"\" class=\"wp-image-295\" style=\"width:178px;height:auto\" srcset=\"https:\/\/fesantalucia.com.co\/wp-content\/uploads\/2024\/07\/06.-Compra-de-Vehiculo.png 1282w, https:\/\/fesantalucia.com.co\/wp-content\/uploads\/2024\/07\/06.-Compra-de-Vehiculo-300x208.png 300w, https:\/\/fesantalucia.com.co\/wp-content\/uploads\/2024\/07\/06.-Compra-de-Vehiculo-1024x709.png 1024w, https:\/\/fesantalucia.com.co\/wp-content\/uploads\/2024\/07\/06.-Compra-de-Vehiculo-768x532.png 768w\" sizes=\"auto, (max-width: 1282px) 100vw, 1282px\" \/><\/figure>\n\n\n\n<p class=\"has-text-align-center\"><strong>Veh\u00edculo<\/strong><\/p>\n\n\n\n<p class=\"has-text-align-center\">Tasa del 1.3% E.M<\/p>\n<\/div>\n<\/div>\n\n\n\n<figure class=\"wp-block-image aligncenter size-full is-resized\"><img loading=\"lazy\" decoding=\"async\" width=\"130\" height=\"100\" src=\"https:\/\/fesantalucia.com.co\/wp-content\/uploads\/2024\/07\/logo1.jpg\" alt=\"\" class=\"wp-image-109\" style=\"width:84px;height:auto\"\/><\/figure>\n\n\n\n<div class=\"wp-block-columns has-base-2-background-color has-background is-layout-flex wp-container-core-columns-is-layout-28f84493 wp-block-columns-is-layout-flex\">\n<div class=\"wp-block-column is-layout-flow wp-block-column-is-layout-flow\">\n<figure class=\"wp-block-image aligncenter size-full is-resized is-style-rounded is-style-rounded--7\"><img loading=\"lazy\" decoding=\"async\" width=\"1320\" height=\"956\" src=\"https:\/\/fesantalucia.com.co\/wp-content\/uploads\/2024\/07\/07.-Mejora-de-Vivienda-1.png\" alt=\"\" class=\"wp-image-322\" style=\"width:170px;height:auto\" srcset=\"https:\/\/fesantalucia.com.co\/wp-content\/uploads\/2024\/07\/07.-Mejora-de-Vivienda-1.png 1320w, https:\/\/fesantalucia.com.co\/wp-content\/uploads\/2024\/07\/07.-Mejora-de-Vivienda-1-300x217.png 300w, https:\/\/fesantalucia.com.co\/wp-content\/uploads\/2024\/07\/07.-Mejora-de-Vivienda-1-1024x742.png 1024w, https:\/\/fesantalucia.com.co\/wp-content\/uploads\/2024\/07\/07.-Mejora-de-Vivienda-1-768x556.png 768w\" sizes=\"auto, (max-width: 1320px) 100vw, 1320px\" \/><\/figure>\n\n\n\n<p class=\"has-text-align-center\"><strong>Mejora de Vivienda<\/strong><\/p>\n\n\n\n<p class=\"has-text-align-center\">Tasa del 1.3% E.M<\/p>\n<\/div>\n\n\n\n<div class=\"wp-block-column is-layout-flow wp-block-column-is-layout-flow\">\n<figure class=\"wp-block-image aligncenter size-full is-style-rounded is-style-rounded--8\"><img loading=\"lazy\" decoding=\"async\" width=\"1334\" height=\"976\" src=\"https:\/\/fesantalucia.com.co\/wp-content\/uploads\/2024\/07\/08.-Compra-de-Cartera-1.png\" alt=\"\" class=\"wp-image-323\" srcset=\"https:\/\/fesantalucia.com.co\/wp-content\/uploads\/2024\/07\/08.-Compra-de-Cartera-1.png 1334w, https:\/\/fesantalucia.com.co\/wp-content\/uploads\/2024\/07\/08.-Compra-de-Cartera-1-300x219.png 300w, https:\/\/fesantalucia.com.co\/wp-content\/uploads\/2024\/07\/08.-Compra-de-Cartera-1-1024x749.png 1024w, https:\/\/fesantalucia.com.co\/wp-content\/uploads\/2024\/07\/08.-Compra-de-Cartera-1-768x562.png 768w\" sizes=\"auto, (max-width: 1334px) 100vw, 1334px\" \/><\/figure>\n\n\n\n<p class=\"has-text-align-center\"><strong>Compra de Cartera<\/strong><\/p>\n\n\n\n<p class=\"has-text-align-center\">Tasa del 1.2% E.M<\/p>\n<\/div>\n\n\n\n<div class=\"wp-block-column is-layout-flow wp-block-column-is-layout-flow\">\n<figure class=\"wp-block-image aligncenter size-full is-resized is-style-rounded is-style-rounded--9\"><img loading=\"lazy\" decoding=\"async\" width=\"1108\" height=\"790\" src=\"https:\/\/fesantalucia.com.co\/wp-content\/uploads\/2024\/07\/09.-Educacion-1.png\" alt=\"\" class=\"wp-image-324\" style=\"width:170px;height:auto\" srcset=\"https:\/\/fesantalucia.com.co\/wp-content\/uploads\/2024\/07\/09.-Educacion-1.png 1108w, https:\/\/fesantalucia.com.co\/wp-content\/uploads\/2024\/07\/09.-Educacion-1-300x214.png 300w, https:\/\/fesantalucia.com.co\/wp-content\/uploads\/2024\/07\/09.-Educacion-1-1024x730.png 1024w, https:\/\/fesantalucia.com.co\/wp-content\/uploads\/2024\/07\/09.-Educacion-1-768x548.png 768w\" sizes=\"auto, (max-width: 1108px) 100vw, 1108px\" \/><\/figure>\n\n\n\n<p class=\"has-text-align-center\"><strong>Educaci\u00f3n<\/strong><\/p>\n\n\n\n<p class=\"has-text-align-center\">Tasa del 1.2% E.M<\/p>\n<\/div>\n<\/div>\n","protected":false},"excerpt":{"rendered":"<p>L\u00edneas de Cr\u00e9dito Libre Inversi\u00f3n Tasa del 1.8% E.M Convenios Tasa del 1.8% E.M Impuestos Tasa del 1.8% E.M Crediprima Tasa del 1.5% E.M Salud Tasa del 1.5% E.M Veh\u00edculo Tasa del 1.3% E.M Mejora de Vivienda Tasa del 1.3% E.M Compra de Cartera Tasa del 1.2% E.M Educaci\u00f3n Tasa del 1.2% E.M<\/p>\n","protected":false},"author":1,"featured_media":251,"parent":0,"menu_order":0,"comment_status":"closed","ping_status":"closed","template":"","meta":{"_joinchat":[],"footnotes":""},"class_list":["post-23","page","type-page","status-publish","has-post-thumbnail","hentry"],"_links":{"self":[{"href":"https:\/\/fesantalucia.com.co\/index.php\/wp-json\/wp\/v2\/pages\/23","targetHints":{"allow":["GET"]}}],"collection":[{"href":"https:\/\/fesantalucia.com.co\/index.php\/wp-json\/wp\/v2\/pages"}],"about":[{"href":"https:\/\/fesantalucia.com.co\/index.php\/wp-json\/wp\/v2\/types\/page"}],"author":[{"embeddable":true,"href":"https:\/\/fesantalucia.com.co\/index.php\/wp-json\/wp\/v2\/users\/1"}],"replies":[{"embeddable":true,"href":"https:\/\/fesantalucia.com.co\/index.php\/wp-json\/wp\/v2\/comments?post=23"}],"version-history":[{"count":32,"href":"https:\/\/fesantalucia.com.co\/index.php\/wp-json\/wp\/v2\/pages\/23\/revisions"}],"predecessor-version":[{"id":393,"href":"https:\/\/fesantalucia.com.co\/index.php\/wp-json\/wp\/v2\/pages\/23\/revisions\/393"}],"wp:featuredmedia":[{"embeddable":true,"href":"https:\/\/fesantalucia.com.co\/index.php\/wp-json\/wp\/v2\/media\/251"}],"wp:attachment":[{"href":"https:\/\/fesantalucia.com.co\/index.php\/wp-json\/wp\/v2\/media?parent=23"}],"curies":[{"name":"wp","href":"https:\/\/api.w.org\/{rel}","templated":true}]}}